{"id":8099,"date":"2015-11-25T00:00:00","date_gmt":"2015-11-25T00:00:00","guid":{"rendered":"https:\/\/mastroberardino.com\/shop\/shop\/product\/etoile-melizie-irpinia-fiano-doc-passito-2014\/"},"modified":"2026-03-11T08:19:54","modified_gmt":"2026-03-11T08:19:54","slug":"etoile-melizie-irpinia-fiano-doc-passito","status":"publish","type":"product","link":"https:\/\/mastroberardino.com\/shop\/vino\/etoile-melizie-irpinia-fiano-doc-passito\/","title":{"rendered":"Etoile &#8211; Melizie Irpinia Fiano DOC Passito 2016"},"content":{"rendered":"","protected":false},"excerpt":{"rendered":"<div class=\"descr-confezioni\"><strong>RICHIESTA PRENOTAZIONE<\/strong><\/div>\n<div class=\"descr-confezioni\">Questa\u00a0confezione \u00e8 disponibile in quantit\u00e0 limitate ed \u00e8 soggetta a prenotazione. Prima di effettuare l&#8217;ordine vi preghiamo di contattarci, via telefono allo 0825614330 (dal luned\u00ec al sabato, dalle ore 10.00 alle 13.00 e dalle 16.30 alle 19.30) oppure via e-mail (all&#8217;indirizzo enoteca@mastroberardino.com), per effettuare la prenotazione.<\/div>\n","protected":false},"featured_media":8100,"comment_status":"closed","ping_status":"closed","template":"","meta":[],"yoast_head":"<!-- This site is optimized with the Yoast SEO plugin v16.1.1 - https:\/\/yoast.com\/wordpress\/plugins\/seo\/ -->\n<title>Etoile - Melizie Irpinia Fiano DOC Passito 2016 - Mastroberardino<\/title>\n<link rel=\"canonical\" href=\"https:\/\/mastroberardino.com\/shop\/vino\/etoile-melizie-irpinia-fiano-doc-passito\/\" \/>\n<meta property=\"og:locale\" content=\"it_IT\" \/>\n<meta property=\"og:type\" content=\"article\" \/>\n<meta property=\"og:title\" content=\"Etoile - Melizie Irpinia Fiano DOC Passito 2016 - Mastroberardino\" \/>\n<meta property=\"og:description\" content=\"RICHIESTA PRENOTAZIONE Questa\u00a0confezione \u00e8 disponibile in quantit\u00e0 limitate ed \u00e8 soggetta a prenotazione. Prima di effettuare l&#039;ordine vi preghiamo di contattarci, via telefono allo 0825614330 (dal luned\u00ec al sabato, dalle ore 10.00 alle 13.00 e dalle 16.30 alle 19.30) oppure via e-mail (all&#039;indirizzo enoteca@mastroberardino.com), per effettuare la prenotazione.\" \/>\n<meta property=\"og:url\" content=\"https:\/\/mastroberardino.com\/shop\/vino\/etoile-melizie-irpinia-fiano-doc-passito\/\" \/>\n<meta property=\"og:site_name\" content=\"Mastroberardino\" \/>\n<meta property=\"article:modified_time\" content=\"2026-03-11T08:19:54+00:00\" \/>\n<meta property=\"og:image\" content=\"https:\/\/mastroberardino.com\/shop\/wp-content\/uploads\/2019\/09\/melizie-pack.png\" \/>\n\t<meta property=\"og:image:width\" content=\"800\" \/>\n\t<meta property=\"og:image:height\" content=\"546\" \/>\n<meta name=\"twitter:card\" content=\"summary_large_image\" \/>\n<script type=\"application\/ld+json\" class=\"yoast-schema-graph\">{\"@context\":\"https:\/\/schema.org\",\"@graph\":[{\"@type\":\"Organization\",\"@id\":\"https:\/\/mastroberardino.com\/shop\/#organization\",\"name\":\"Mastroberardino\",\"url\":\"https:\/\/mastroberardino.com\/shop\/\",\"sameAs\":[],\"logo\":{\"@type\":\"ImageObject\",\"@id\":\"https:\/\/mastroberardino.com\/shop\/#logo\",\"inLanguage\":\"it-IT\",\"url\":\"https:\/\/mastroberardino.com\/shop\/wp-content\/uploads\/2021\/03\/fondologo.png\",\"contentUrl\":\"https:\/\/mastroberardino.com\/shop\/wp-content\/uploads\/2021\/03\/fondologo.png\",\"width\":1298,\"height\":377,\"caption\":\"Mastroberardino\"},\"image\":{\"@id\":\"https:\/\/mastroberardino.com\/shop\/#logo\"}},{\"@type\":\"WebSite\",\"@id\":\"https:\/\/mastroberardino.com\/shop\/#website\",\"url\":\"https:\/\/mastroberardino.com\/shop\/\",\"name\":\"Mastroberardino\",\"description\":\"Produzione e vendita vini tipici campani\",\"publisher\":{\"@id\":\"https:\/\/mastroberardino.com\/shop\/#organization\"},\"potentialAction\":[{\"@type\":\"SearchAction\",\"target\":\"https:\/\/mastroberardino.com\/shop\/?s={search_term_string}\",\"query-input\":\"required name=search_term_string\"}],\"inLanguage\":\"it-IT\"},{\"@type\":\"ImageObject\",\"@id\":\"https:\/\/mastroberardino.com\/shop\/vino\/etoile-melizie-irpinia-fiano-doc-passito\/#primaryimage\",\"inLanguage\":\"it-IT\",\"url\":\"https:\/\/mastroberardino.com\/shop\/wp-content\/uploads\/2019\/09\/melizie-pack.png\",\"contentUrl\":\"https:\/\/mastroberardino.com\/shop\/wp-content\/uploads\/2019\/09\/melizie-pack.png\",\"width\":800,\"height\":546},{\"@type\":\"WebPage\",\"@id\":\"https:\/\/mastroberardino.com\/shop\/vino\/etoile-melizie-irpinia-fiano-doc-passito\/#webpage\",\"url\":\"https:\/\/mastroberardino.com\/shop\/vino\/etoile-melizie-irpinia-fiano-doc-passito\/\",\"name\":\"Etoile - Melizie Irpinia Fiano DOC Passito 2016 - Mastroberardino\",\"isPartOf\":{\"@id\":\"https:\/\/mastroberardino.com\/shop\/#website\"},\"primaryImageOfPage\":{\"@id\":\"https:\/\/mastroberardino.com\/shop\/vino\/etoile-melizie-irpinia-fiano-doc-passito\/#primaryimage\"},\"datePublished\":\"2015-11-25T00:00:00+00:00\",\"dateModified\":\"2026-03-11T08:19:54+00:00\",\"breadcrumb\":{\"@id\":\"https:\/\/mastroberardino.com\/shop\/vino\/etoile-melizie-irpinia-fiano-doc-passito\/#breadcrumb\"},\"inLanguage\":\"it-IT\",\"potentialAction\":[{\"@type\":\"ReadAction\",\"target\":[\"https:\/\/mastroberardino.com\/shop\/vino\/etoile-melizie-irpinia-fiano-doc-passito\/\"]}]},{\"@type\":\"BreadcrumbList\",\"@id\":\"https:\/\/mastroberardino.com\/shop\/vino\/etoile-melizie-irpinia-fiano-doc-passito\/#breadcrumb\",\"itemListElement\":[{\"@type\":\"ListItem\",\"position\":1,\"item\":{\"@type\":\"WebPage\",\"@id\":\"https:\/\/mastroberardino.com\/shop\/\",\"url\":\"https:\/\/mastroberardino.com\/shop\/\",\"name\":\"Home\"}},{\"@type\":\"ListItem\",\"position\":2,\"item\":{\"@type\":\"WebPage\",\"@id\":\"https:\/\/mastroberardino.com\/shop\/shop\/\",\"url\":\"https:\/\/mastroberardino.com\/shop\/shop\/\",\"name\":\"Prodotti\"}},{\"@type\":\"ListItem\",\"position\":3,\"item\":{\"@type\":\"WebPage\",\"@id\":\"https:\/\/mastroberardino.com\/shop\/vino\/etoile-melizie-irpinia-fiano-doc-passito\/\",\"url\":\"https:\/\/mastroberardino.com\/shop\/vino\/etoile-melizie-irpinia-fiano-doc-passito\/\",\"name\":\"Etoile &#8211; Melizie Irpinia Fiano DOC Passito 2016\"}}]}]}<\/script>\n<!-- \/ Yoast SEO plugin. -->","_links":{"self":[{"href":"https:\/\/mastroberardino.com\/shop\/wp-json\/wp\/v2\/product\/8099"}],"collection":[{"href":"https:\/\/mastroberardino.com\/shop\/wp-json\/wp\/v2\/product"}],"about":[{"href":"https:\/\/mastroberardino.com\/shop\/wp-json\/wp\/v2\/types\/product"}],"replies":[{"embeddable":true,"href":"https:\/\/mastroberardino.com\/shop\/wp-json\/wp\/v2\/comments?post=8099"}],"wp:featuredmedia":[{"embeddable":true,"href":"https:\/\/mastroberardino.com\/shop\/wp-json\/wp\/v2\/media\/8100"}],"wp:attachment":[{"href":"https:\/\/mastroberardino.com\/shop\/wp-json\/wp\/v2\/media?parent=8099"}],"curies":[{"name":"wp","href":"https:\/\/api.w.org\/{rel}","templated":true}]}}