{"id":157,"date":"2019-06-07T15:15:20","date_gmt":"2019-06-07T15:15:20","guid":{"rendered":"https:\/\/mastroberardino.com\/shop\/shop\/?page_id=157"},"modified":"2020-10-07T15:06:59","modified_gmt":"2020-10-07T15:06:59","slug":"la-famiglia","status":"publish","type":"page","link":"https:\/\/mastroberardino.com\/shop\/la-famiglia\/","title":{"rendered":"La famiglia"},"content":{"rendered":"<p>[vc_row][vc_column][vc_single_image image=&#8221;6013&#8243; img_size=&#8221;full&#8221; alignment=&#8221;center&#8221;][\/vc_column][\/vc_row][vc_row css=&#8221;.vc_custom_1553167435506{margin-top: 3% !important;margin-bottom: 3% !important;}&#8221; el_class=&#8221;la-storia-title&#8221;][vc_column][vc_text_separator title=&#8221;LA FAMIGLIA MASTROBERARDINO&#8221; color=&#8221;custom&#8221; border_width=&#8221;2px 0 0 0&#8243; el_width=&#8221;70&#8243; heading_font_color=&#8221;#ffffff&#8221; accent_color=&#8221;#ce1d2b&#8221;][vc_column_text el_class=&#8221;text-storia&#8221;]<\/p>\n<p style=\"text-align: center;\">La famiglia Mastroberardino, punto di riferimento della vitienologia italiana, \u00e8 riconosciuta come la paladina dei vitigni autoctoni dell\u2019Irpinia e della Campania.<\/p>\n<p>[\/vc_column_text][\/vc_column][\/vc_row][vc_row][vc_column][vc_single_image image=&#8221;6017&#8243; img_size=&#8221;full&#8221; alignment=&#8221;center&#8221; css=&#8221;.vc_custom_1573140064949{padding-top: 2% !important;padding-right: 8% !important;padding-left: 8% !important;}&#8221;][vc_separator color=&#8221;custom&#8221; border_width=&#8221;2&#8243; accent_color=&#8221;#ce1d2b&#8221;][vc_column_text el_class=&#8221;text-storia&#8221;]<\/p>\n<p style=\"text-align: center;\">Ha infatti posto sempre grande cura nella tutela e nella valorizzazione di variet\u00e0 come<br \/>\nl\u2019Aglianico, il Fiano, il Greco, la Falanghina, il Piedirosso, la Coda di Volpe, le cui origini risalgono alla colonizzazione greca e alla civilt\u00e0 romana.<\/p>\n<p>[\/vc_column_text][vc_separator color=&#8221;custom&#8221; border_width=&#8221;2&#8243; accent_color=&#8221;#ce1d2b&#8221;][\/vc_column][\/vc_row][vc_row full_width=&#8221;true&#8221; css=&#8221;.vc_custom_1560158118215{margin-top: 8% !important;}&#8221;][vc_column width=&#8221;1\/2&#8243; css=&#8221;.vc_custom_1560158127221{padding-left: 10% !important;}&#8221;][vc_separator color=&#8221;custom&#8221; align=&#8221;align_left&#8221; border_width=&#8221;2&#8243; separator_width=&#8221;20%&#8221; accent_color=&#8221;#ce1d2b&#8221; css=&#8221;.vc_custom_1560157341434{margin-top: 8% !important;}&#8221;][vc_column_text el_class=&#8221;text-storia&#8221;]<\/p>\n<p style=\"text-align: right;\">L\u2019innovazione, la ricerca, la sperimentazione hanno accompagnato l\u2019opera di recupero e di rilancio dei biotipi pi\u00f9 antichi e dai caratteri migliori, al fine di salvaguardare la biodiversit\u00e0 all\u2019interno di queste famiglie varietali ed accrescerne il potenziale qualitativo.<br \/>\nLe prime tracce dell\u2019intrapresa <a href=\"https:\/\/mastroberardino.com\/shop\/shop\/\">Mastroberardino<\/a> nell\u2019attuale sede di Atripalda, alle porte di Avellino, risalgono alla met\u00e0 del Settecento. Da allora ai nostri giorni si contano dieci generazioni di famiglia, senza soluzione di continuit\u00e0.<br \/>\nNel 1878, con la registrazione presso la Camera di Commercio di Avellino, Angelo Mastroberardino, Cavaliere dell\u2019Ordine della Corona d\u2019Italia e bisnonno dell\u2019attuale Presidente, Piero Mastroberardino, avvia le esportazioni dei vini di famiglia prima in Europa, poi, grazie ai lunghi e pionieristici viaggi di suo figlio Michele Mastroberardino, verso l\u2019America del Nord e l\u2019America Latina.<br \/>\nIl messaggio antico dei grandi vini d\u2019Irpinia anima l\u2019impegno imprenditoriale di famiglia anche negli anni difficili a met\u00e0 del Novecento, quando, malgrado i danni causati dalla fillossera prima e dalla guerra poi, Antonio<br \/>\nMastroberardino, Cavaliere al Merito del Lavoro, padre di Piero, rimane unico, strenuo difensore della viticoltura autoctona della zona, contro diffuse pressioni tendenti ad abbandonare quella tradizione e a virare verso variet\u00e0 pi\u00f9 produttive e di minor pregio. \u00c8 lui l\u2019artefice del programma di reimpianto che apre la strada al rilancio della viticoltura irpina, proiettandola verso i riconoscimenti attuali.<br \/>\nLa guida delle attivit\u00e0 di famiglia \u00e8 affidata oggi a Piero Mastroberardino, al timone dell\u2019azienda dalla met\u00e0 degli anni Novanta.<\/p>\n<p>[\/vc_column_text][\/vc_column][vc_column width=&#8221;1\/2&#8243;][vc_single_image image=&#8221;7271&#8243; img_size=&#8221;full&#8221; alignment=&#8221;right&#8221; css=&#8221;.vc_custom_1573140082620{padding-top: 2% !important;padding-left: 8% !important;}&#8221;][\/vc_column][\/vc_row][vc_row full_width=&#8221;true&#8221; css=&#8221;.vc_custom_1560158118215{margin-top: 8% !important;}&#8221;][vc_column width=&#8221;1\/2&#8243;][vc_single_image image=&#8221;7268&#8243; img_size=&#8221;full&#8221; css=&#8221;.vc_custom_1573140097157{padding-top: 2% !important;}&#8221;][\/vc_column][vc_column width=&#8221;1\/2&#8243; css=&#8221;.vc_custom_1560160819376{padding-right: 10% !important;}&#8221;][vc_separator color=&#8221;custom&#8221; align=&#8221;align_left&#8221; border_width=&#8221;2&#8243; separator_width=&#8221;20%&#8221; accent_color=&#8221;#ce1d2b&#8221; css=&#8221;.vc_custom_1560157341434{margin-top: 8% !important;}&#8221;][vc_column_text el_class=&#8221;text-storia&#8221;]Viticultore alla decima generazione, Piero \u00e8 Professore Ordinario di Business Management nell\u2019Universit\u00e0, autore di numerose pubblicazioni scientifiche internazionali sui temi del management.<br \/>\nIl suo profilo professionale e imprenditoriale \u00e8 legato a doppio filo a quello artistico che si concretizza nei campi del disegno e della pittura, della narrativa e della poesia.<br \/>\nDal 2011 ad oggi ha infatti pubblicato due romanzi, Umano Errare e Giro di Vite e due raccolte di poesie, All\u2019origine dei sensi e Frammenti, quest\u2019ultima in forma di libro d\u2019artista.<br \/>\nCon i suoi dipinti ha realizzato numerose mostre personali e collettive in Italia e all\u2019estero e molte sue opere sono presenti in collezioni nazionali e internazionali.<br \/>\nDa Maggio 2015 \u00e8 presidente dell\u2019Istituto del Vino Italiano di Qualit\u00e0 Grandi Marchi.<br \/>\n[\/vc_column_text][\/vc_column][\/vc_row][vc_row css=&#8221;.vc_custom_1553168707055{margin-top: 5% !important;margin-bottom: 5% !important;}&#8221;][vc_column][vc_separator color=&#8221;custom&#8221; border_width=&#8221;2&#8243; separator_width=&#8221;70%&#8221; accent_color=&#8221;#ce1d2b&#8221;][\/vc_column][\/vc_row][vc_row][vc_column][vc_raw_html]JTNDYSUyMHN0bHllJTNEJTIyY29sb3IlM0F3aGl0ZSUyMCUyMUltcG9ydGFudCUzQiUyMiUyMGNsYXNzJTNEJTIyYm9va21hcmslMjIlMjBocmVmJTNEJTIyaHR0cHMlM0ElMkYlMkZtdXNlb21pbWEuaXQlMkYlMjIlMjB0YXJnZXQlM0QlMjJfYmxhbmslMjIlM0VTY29wcmklMjB0dXR0YSUyMGxhJTIwbm9zdHJhJTIwc3RvcmlhJTIwJTNDaW1nJTIwc3R5bGUlM0QlMjJ3aWR0aCUzQTYwcHglM0IlMjIlMjBzcmMlM0QlMjJodHRwcyUzQSUyRiUyRm11c2VvbWltYS5pdCUyRndwLWNvbnRlbnQlMkZ1cGxvYWRzJTJGcmV2c2xpZGVyJTJGaG9tZSUyRm1pbWEtZGVza3RvcC0wNy5wbmclMjIlMkYlM0UlM0MlMkZhJTNF[\/vc_raw_html][\/vc_column][\/vc_row]<\/p>\n","protected":false},"excerpt":{"rendered":"<p>[vc_row][vc_column][vc_single_image image=&#8221;6013&#8243; img_size=&#8221;full&#8221; alignment=&#8221;center&#8221;][\/vc_column][\/vc_row][vc_row css=&#8221;.vc_custom_1553167435506{margin-top: 3% !important;margin-bottom: 3% !important;}&#8221; el_class=&#8221;la-storia-title&#8221;][vc_column][vc_text_separator title=&#8221;LA FAMIGLIA MASTROBERARDINO&#8221; color=&#8221;custom&#8221; border_width=&#8221;2px 0 0 0&#8243; el_width=&#8221;70&#8243; heading_font_color=&#8221;#ffffff&#8221; accent_color=&#8221;#ce1d2b&#8221;][vc_column_text el_class=&#8221;text-storia&#8221;] La famiglia Mastroberardino, punto di riferimento della vitienologia italiana, \u00e8 riconosciuta come la paladina dei vitigni autoctoni dell\u2019Irpinia e della Campania. [\/vc_column_text][\/vc_column][\/vc_row][vc_row][vc_column][vc_single_image image=&#8221;6017&#8243; img_size=&#8221;full&#8221; alignment=&#8221;center&#8221; css=&#8221;.vc_custom_1573140064949{padding-top: 2% !important;padding-right: 8% !important;padding-left: 8% !important;}&#8221;][vc_separator color=&#8221;custom&#8221; [&hellip;]<\/p>\n","protected":false},"author":1181,"featured_media":0,"parent":0,"menu_order":0,"comment_status":"closed","ping_status":"closed","template":"","meta":[],"yoast_head":"<!-- This site is optimized with the Yoast SEO plugin v16.1.1 - https:\/\/yoast.com\/wordpress\/plugins\/seo\/ -->\n<title>La famiglia - Mastroberardino<\/title>\n<link rel=\"canonical\" href=\"https:\/\/mastroberardino.com\/shop\/la-famiglia\/\" \/>\n<meta property=\"og:locale\" content=\"it_IT\" \/>\n<meta property=\"og:type\" content=\"article\" \/>\n<meta property=\"og:title\" content=\"La famiglia - Mastroberardino\" \/>\n<meta property=\"og:description\" content=\"[vc_row][vc_column][vc_single_image image=&#8221;6013&#8243; img_size=&#8221;full&#8221; alignment=&#8221;center&#8221;][\/vc_column][\/vc_row][vc_row css=&#8221;.vc_custom_1553167435506{margin-top: 3% !important;margin-bottom: 3% !important;}&#8221; el_class=&#8221;la-storia-title&#8221;][vc_column][vc_text_separator title=&#8221;LA FAMIGLIA MASTROBERARDINO&#8221; color=&#8221;custom&#8221; border_width=&#8221;2px 0 0 0&#8243; el_width=&#8221;70&#8243; heading_font_color=&#8221;#ffffff&#8221; accent_color=&#8221;#ce1d2b&#8221;][vc_column_text el_class=&#8221;text-storia&#8221;] La famiglia Mastroberardino, punto di riferimento della vitienologia italiana, \u00e8 riconosciuta come la paladina dei vitigni autoctoni dell\u2019Irpinia e della Campania. [\/vc_column_text][\/vc_column][\/vc_row][vc_row][vc_column][vc_single_image image=&#8221;6017&#8243; img_size=&#8221;full&#8221; alignment=&#8221;center&#8221; css=&#8221;.vc_custom_1573140064949{padding-top: 2% !important;padding-right: 8% !important;padding-left: 8% !important;}&#8221;][vc_separator color=&#8221;custom&#8221; [&hellip;]\" \/>\n<meta property=\"og:url\" content=\"https:\/\/mastroberardino.com\/shop\/la-famiglia\/\" \/>\n<meta property=\"og:site_name\" content=\"Mastroberardino\" \/>\n<meta property=\"article:modified_time\" content=\"2020-10-07T15:06:59+00:00\" \/>\n<meta name=\"twitter:card\" content=\"summary_large_image\" \/>\n<meta name=\"twitter:label1\" content=\"Tempo di lettura stimato\">\n\t<meta name=\"twitter:data1\" content=\"4 minuti\">\n<script type=\"application\/ld+json\" class=\"yoast-schema-graph\">{\"@context\":\"https:\/\/schema.org\",\"@graph\":[{\"@type\":\"Organization\",\"@id\":\"https:\/\/mastroberardino.com\/shop\/#organization\",\"name\":\"Mastroberardino\",\"url\":\"https:\/\/mastroberardino.com\/shop\/\",\"sameAs\":[],\"logo\":{\"@type\":\"ImageObject\",\"@id\":\"https:\/\/mastroberardino.com\/shop\/#logo\",\"inLanguage\":\"it-IT\",\"url\":\"https:\/\/mastroberardino.com\/shop\/wp-content\/uploads\/2021\/03\/fondologo.png\",\"contentUrl\":\"https:\/\/mastroberardino.com\/shop\/wp-content\/uploads\/2021\/03\/fondologo.png\",\"width\":1298,\"height\":377,\"caption\":\"Mastroberardino\"},\"image\":{\"@id\":\"https:\/\/mastroberardino.com\/shop\/#logo\"}},{\"@type\":\"WebSite\",\"@id\":\"https:\/\/mastroberardino.com\/shop\/#website\",\"url\":\"https:\/\/mastroberardino.com\/shop\/\",\"name\":\"Mastroberardino\",\"description\":\"Produzione e vendita vini tipici campani\",\"publisher\":{\"@id\":\"https:\/\/mastroberardino.com\/shop\/#organization\"},\"potentialAction\":[{\"@type\":\"SearchAction\",\"target\":\"https:\/\/mastroberardino.com\/shop\/?s={search_term_string}\",\"query-input\":\"required name=search_term_string\"}],\"inLanguage\":\"it-IT\"},{\"@type\":\"WebPage\",\"@id\":\"https:\/\/mastroberardino.com\/shop\/la-famiglia\/#webpage\",\"url\":\"https:\/\/mastroberardino.com\/shop\/la-famiglia\/\",\"name\":\"La famiglia - Mastroberardino\",\"isPartOf\":{\"@id\":\"https:\/\/mastroberardino.com\/shop\/#website\"},\"datePublished\":\"2019-06-07T15:15:20+00:00\",\"dateModified\":\"2020-10-07T15:06:59+00:00\",\"breadcrumb\":{\"@id\":\"https:\/\/mastroberardino.com\/shop\/la-famiglia\/#breadcrumb\"},\"inLanguage\":\"it-IT\",\"potentialAction\":[{\"@type\":\"ReadAction\",\"target\":[\"https:\/\/mastroberardino.com\/shop\/la-famiglia\/\"]}]},{\"@type\":\"BreadcrumbList\",\"@id\":\"https:\/\/mastroberardino.com\/shop\/la-famiglia\/#breadcrumb\",\"itemListElement\":[{\"@type\":\"ListItem\",\"position\":1,\"item\":{\"@type\":\"WebPage\",\"@id\":\"https:\/\/mastroberardino.com\/shop\/\",\"url\":\"https:\/\/mastroberardino.com\/shop\/\",\"name\":\"Home\"}},{\"@type\":\"ListItem\",\"position\":2,\"item\":{\"@type\":\"WebPage\",\"@id\":\"https:\/\/mastroberardino.com\/shop\/la-famiglia\/\",\"url\":\"https:\/\/mastroberardino.com\/shop\/la-famiglia\/\",\"name\":\"La famiglia\"}}]}]}<\/script>\n<!-- \/ Yoast SEO plugin. -->","_links":{"self":[{"href":"https:\/\/mastroberardino.com\/shop\/wp-json\/wp\/v2\/pages\/157"}],"collection":[{"href":"https:\/\/mastroberardino.com\/shop\/wp-json\/wp\/v2\/pages"}],"about":[{"href":"https:\/\/mastroberardino.com\/shop\/wp-json\/wp\/v2\/types\/page"}],"author":[{"embeddable":true,"href":"https:\/\/mastroberardino.com\/shop\/wp-json\/wp\/v2\/users\/1181"}],"replies":[{"embeddable":true,"href":"https:\/\/mastroberardino.com\/shop\/wp-json\/wp\/v2\/comments?post=157"}],"version-history":[{"count":19,"href":"https:\/\/mastroberardino.com\/shop\/wp-json\/wp\/v2\/pages\/157\/revisions"}],"predecessor-version":[{"id":12987,"href":"https:\/\/mastroberardino.com\/shop\/wp-json\/wp\/v2\/pages\/157\/revisions\/12987"}],"wp:attachment":[{"href":"https:\/\/mastroberardino.com\/shop\/wp-json\/wp\/v2\/media?parent=157"}],"curies":[{"name":"wp","href":"https:\/\/api.w.org\/{rel}","templated":true}]}}